{"id":3674,"date":"2020-01-20T01:05:10","date_gmt":"2020-01-20T04:05:10","guid":{"rendered":"http:\/\/www.portaliceb.org.br\/wordpress\/?post_type=product&#038;p=3674"},"modified":"2021-07-29T21:21:09","modified_gmt":"2021-07-30T00:21:09","slug":"1-ano-de-assinatura-rce-2","status":"publish","type":"product","link":"http:\/\/www.portaliceb.org.br\/wordpress\/?product=1-ano-de-assinatura-rce-2","title":{"rendered":"1 ano de assinatura RCE"},"content":{"rendered":"","protected":false},"excerpt":{"rendered":"<p>Com essa compra voc\u00ea receber\u00e1 mensalmente um link para download da revista de cultura esp\u00edrita referente aquele m\u00eas, durante um ano.<\/p>\n","protected":false},"featured_media":2136,"comment_status":"closed","ping_status":"closed","template":"","meta":[],"product_cat":[97],"product_tag":[],"class_list":{"0":"post-3674","1":"product","2":"type-product","3":"status-publish","4":"has-post-thumbnail","6":"product_cat-sem-categoria","8":"first","9":"instock","10":"downloadable","11":"virtual","12":"purchasable","13":"product-type-simple"},"_links":{"self":[{"href":"http:\/\/www.portaliceb.org.br\/wordpress\/index.php?rest_route=\/wp\/v2\/product\/3674","targetHints":{"allow":["GET"]}}],"collection":[{"href":"http:\/\/www.portaliceb.org.br\/wordpress\/index.php?rest_route=\/wp\/v2\/product"}],"about":[{"href":"http:\/\/www.portaliceb.org.br\/wordpress\/index.php?rest_route=\/wp\/v2\/types\/product"}],"replies":[{"embeddable":true,"href":"http:\/\/www.portaliceb.org.br\/wordpress\/index.php?rest_route=%2Fwp%2Fv2%2Fcomments&post=3674"}],"wp:featuredmedia":[{"embeddable":true,"href":"http:\/\/www.portaliceb.org.br\/wordpress\/index.php?rest_route=\/wp\/v2\/media\/2136"}],"wp:attachment":[{"href":"http:\/\/www.portaliceb.org.br\/wordpress\/index.php?rest_route=%2Fwp%2Fv2%2Fmedia&parent=3674"}],"wp:term":[{"taxonomy":"product_cat","embeddable":true,"href":"http:\/\/www.portaliceb.org.br\/wordpress\/index.php?rest_route=%2Fwp%2Fv2%2Fproduct_cat&post=3674"},{"taxonomy":"product_tag","embeddable":true,"href":"http:\/\/www.portaliceb.org.br\/wordpress\/index.php?rest_route=%2Fwp%2Fv2%2Fproduct_tag&post=3674"}],"curies":[{"name":"wp","href":"https:\/\/api.w.org\/{rel}","templated":true}]}}