{"id":81,"date":"2011-12-04T20:58:37","date_gmt":"2011-12-04T23:58:37","guid":{"rendered":"http:\/\/www.portaliceb.org.br\/wordpress\/?page_id=81"},"modified":"2013-03-07T17:43:09","modified_gmt":"2013-03-07T20:43:09","slug":"planejamento-estrategico-do-iceb","status":"publish","type":"page","link":"http:\/\/www.portaliceb.org.br\/wordpress\/?page_id=81","title":{"rendered":"Planejamento Estrat\u00e9gico"},"content":{"rendered":"<p>O ICEB em cada uma de suas atividades avista a possibilidade de contribuir com o desenvolvimento de pessoas e grupos sociais; a possibilidade de apresentar um ponto novo, outro \u00e2ngulo de vis\u00e3o, um novo modelo de aprendizado; a possibilidade de questionar, de refletir, de incitar a revis\u00e3o de comportamentos e atitudes; a possibilidade de motivar o homem moderno a uma reforma de valores.<\/p>\n<p>Dessa forma a dire\u00e7\u00e3o de evolu\u00e7\u00e3o almejada pelo ICEB e a sua raz\u00e3o de ser, expressas atrav\u00e9s de sua vis\u00e3o (em 5 anos) e miss\u00e3o (em 5 anos).<\/p>\n<p>Os\u00a0<strong>valores e princ\u00edpios<\/strong>\u00a0basilares do ICEB sediam-se no indiv\u00edduo e na sua miss\u00e3o prec\u00edpua de evoluir. Acredita o ICEB que \u00e9 preciso ajudar o homem moderno a ter um ideal, a realizar seus sonhos, a alcan\u00e7ar a felicidade. \u00c9 necess\u00e1rio faz\u00ea-lo acreditar que as respostas est\u00e3o dentro de cada um individualmente e que na busca de realiza\u00e7\u00f5es n\u00e3o h\u00e1 erros, mas oportunidades de aprendizagem, e para que tudo isso seja efetivo \u00e9 imprescind\u00edvel a consci\u00eancia do todo interconectado.<\/p>\n<p>&nbsp;<\/p>\n<h3>Diante de tais cren\u00e7as e valores o ICEB tem como\u00a0<strong>objetivos centrais e correlatos<\/strong>:<\/h3>\n<h3><strong>Quanto ao estudo:<\/strong><\/h3>\n<ul>\n<li>Oferecer curso de forma\u00e7\u00e3o, em n\u00edvel avan\u00e7ado, de Doutrina Esp\u00edrita, em todos os seus aspectos e no que ela se relacione com a cultura humana, garantindo a sucessividade e a continuidade do ensino.<\/li>\n<li>Oferecer cursos de aprofundamento dos conceitos Kardequianos a partir, sobretudo, da an\u00e1lise da Obra de Andr\u00e9 Luiz e de Joanna de Angelis.<\/li>\n<li>Oferecer cursos b\u00e1sicos, intermedi\u00e1rios e avan\u00e7ados de Esperanto, como segunda l\u00edngua a ser utilizada nas publica\u00e7\u00f5es do ICEB.<\/li>\n<li>Divulgar, pelos meios dispon\u00edveis, s\u00famulas dos cursos oferecidos.<\/li>\n<\/ul>\n<h3><strong>Quanto \u00e0 pesquisa:<\/strong><\/h3>\n<ul>\n<li>Aprofundar estudos por meios pr\u00f3prios e\/ou mediante conv\u00eanios, e criar condi\u00e7\u00f5es para melhor compreens\u00e3o de temas relevantes como, por exemplo, evolu\u00e7\u00e3o, transcomunica\u00e7\u00e3o, clonagem, transpessoalidade, diferentes itens da biologia, da medicina, das fronteiras da ci\u00eancia e sua rela\u00e7\u00e3o com os postulados esp\u00edritas.<\/li>\n<\/ul>\n<h3><strong>Quanto ao nivelamento e a atualiza\u00e7\u00e3o:<\/strong><\/h3>\n<ul>\n<li>Oferecer cursos b\u00e1sicos de Doutrina Esp\u00edrita e de ci\u00eancias relacionadas com os objetivos centrais, com vistas, a facilita\u00e7\u00e3o do alcance de resultados.<\/li>\n<\/ul>\n<h3><strong>Quanto \u00e0 presta\u00e7\u00e3o de servi\u00e7os ao Movimento Esp\u00edrita:<\/strong><\/h3>\n<ul>\n<ul>\n<li>Oferecer cursos locais e \u00e0 dist\u00e2ncia para a melhoria das condi\u00e7\u00f5es intelectuais e morais e aumento de compet\u00eancias administrativas com vistas \u00e0 capacita\u00e7\u00e3o de recursos humanos para o Movimento Esp\u00edrita.<\/li>\n<li>Oferecer, em n\u00edvel de apoio social, cursos de complementa\u00e7\u00e3o de escolaridade e outros, com fim de contribuir, atrav\u00e9s do servi\u00e7o ao pr\u00f3ximo, para melhoria do ambiente social em que atuamos.<\/li>\n<\/ul>\n<\/ul>\n<h1 align=\"center\"><\/h1>\n","protected":false},"excerpt":{"rendered":"<p>O ICEB em cada uma de suas atividades avista a possibilidade de contribuir com o desenvolvimento de pessoas e grupos sociais; a possibilidade de apresentar um ponto novo, outro \u00e2ngulo de vis\u00e3o, um novo modelo de aprendizado; a possibilidade de questionar, de refletir, de incitar a revis\u00e3o de comportamentos e atitudes; a possibilidade de motivar [&hellip;]<\/p>\n","protected":false},"author":1,"featured_media":0,"parent":2,"menu_order":4,"comment_status":"closed","ping_status":"closed","template":"","meta":{"footnotes":""},"class_list":["post-81","page","type-page","status-publish","hentry"],"_links":{"self":[{"href":"http:\/\/www.portaliceb.org.br\/wordpress\/index.php?rest_route=\/wp\/v2\/pages\/81","targetHints":{"allow":["GET"]}}],"collection":[{"href":"http:\/\/www.portaliceb.org.br\/wordpress\/index.php?rest_route=\/wp\/v2\/pages"}],"about":[{"href":"http:\/\/www.portaliceb.org.br\/wordpress\/index.php?rest_route=\/wp\/v2\/types\/page"}],"author":[{"embeddable":true,"href":"http:\/\/www.portaliceb.org.br\/wordpress\/index.php?rest_route=\/wp\/v2\/users\/1"}],"replies":[{"embeddable":true,"href":"http:\/\/www.portaliceb.org.br\/wordpress\/index.php?rest_route=%2Fwp%2Fv2%2Fcomments&post=81"}],"version-history":[{"count":4,"href":"http:\/\/www.portaliceb.org.br\/wordpress\/index.php?rest_route=\/wp\/v2\/pages\/81\/revisions"}],"predecessor-version":[{"id":391,"href":"http:\/\/www.portaliceb.org.br\/wordpress\/index.php?rest_route=\/wp\/v2\/pages\/81\/revisions\/391"}],"up":[{"embeddable":true,"href":"http:\/\/www.portaliceb.org.br\/wordpress\/index.php?rest_route=\/wp\/v2\/pages\/2"}],"wp:attachment":[{"href":"http:\/\/www.portaliceb.org.br\/wordpress\/index.php?rest_route=%2Fwp%2Fv2%2Fmedia&parent=81"}],"curies":[{"name":"wp","href":"https:\/\/api.w.org\/{rel}","templated":true}]}}