{"id":459,"date":"2013-03-08T01:20:09","date_gmt":"2013-03-08T04:20:09","guid":{"rendered":"http:\/\/www.portaliceb.org.br\/wordpress\/?page_id=459"},"modified":"2013-03-08T01:25:23","modified_gmt":"2013-03-08T04:25:23","slug":"links-espiritas","status":"publish","type":"page","link":"http:\/\/www.portaliceb.org.br\/wordpress\/?page_id=459","title":{"rendered":"Links Recomend\u00e1veis"},"content":{"rendered":"<p>:: Recomend\u00e1vel de A-Z::<\/p>\n<p>:: Links<\/p>\n<h4 align=\"left\"><a href=\"http:\/\/www.portaliceb.org.br\/\" target=\"_blank\">Instituto de Cultura Esp\u00edrita do Brasil<\/a>\u00a0\u2013\u00a0<strong>ICEB<\/strong><\/h4>\n<h4 align=\"left\"><strong><a href=\"http:\/\/twitter.com\/portaliceb\" target=\"_blank\">twitter.com\/portaliceb<\/a>\u00a0&#8211; Twitter do ICEB<\/strong><\/h4>\n<p><a title=\"Abrigo Teresa de Jesus\" href=\"http:\/\/www.abrigoteresadejesus.org.br\/\" target=\"_blank\">Abrigo Teresa de Jesus<\/a>\u00a0&#8211; (Parceria com ICEB)<\/p>\n<h4 align=\"left\"><a href=\"http:\/\/www.abrade.com.br\/\" target=\"_blank\">Associa\u00e7\u00e3o Brasileira de Divulgadores do Espiritismo<\/a>\u00a0\u2013\u00a0<strong>ABRADE<\/strong><\/h4>\n<p><a href=\"http:\/\/www.cme.org.br\/\" target=\"_blank\">Cruzada dos Militares Esp\u00edritas<\/a>\u00a0\u2013\u00a0<strong>CME<\/strong><\/p>\n<p><a href=\"http:\/\/www.abrame.org.br\/\" target=\"_blank\">Associa\u00e7\u00e3o Brasileira dos Magistrados Esp\u00edritas<\/a>\u00a0\u2013\u00a0<strong>ABRAME<\/strong><\/p>\n<p><a href=\"http:\/\/www.abrarte.org.br\/\" target=\"_blank\">Associa\u00e7\u00e3o Brasileira de Artistas Esp\u00edritas<\/a>\u00a0\u2013\u00a0<strong>ABRARTE<\/strong><\/p>\n<p><a href=\"http:\/\/www.amebrasil.org.br\/\" target=\"_blank\">Associa\u00e7\u00e3o M\u00e9dico-Esp\u00edrita do Brasil<\/a><strong>\u00a0&#8211; AME<\/strong><\/p>\n<h4 align=\"left\"><strong><a href=\"http:\/\/www.febnet.org.br\/\" target=\"_blank\">Federa\u00e7\u00e3o Esp\u00edrita Brasileira<\/a><strong>\u00a0&#8211; FEB<\/strong><br \/>\n<\/strong><\/h4>\n<p><strong>Indicados:<\/strong><\/p>\n<p><a href=\"http:\/\/www.oclarim.com.br\/\" target=\"_blank\">O Clarim<\/a>\u00a0&#8211; Editora da Revista Internacional de Espiritismo e do Jornal &#8216;O Clarim&#8217;<\/p>\n<p><a href=\"http:\/\/www.use-sp.com.br\/\" target=\"_blank\">Use-SP<\/a>\u00a0&#8211; Uni\u00e3o das Sociedades Esp\u00edritas de S\u00e3o Paulo<\/p>\n<p><a href=\"http:\/\/www.boanova.net\/\" target=\"_blank\">Boa Nova<\/a>\u00a0&#8211; Editora e Distribuidora de livros esp\u00edritas<\/p>\n<p><a href=\"http:\/\/www.universoespirita.org.br\/\" target=\"_blank\">Universo Esp\u00edrita<\/a>\u00a0&#8211; Pesquisas e Informa\u00e7\u00f5es<\/p>\n<p><a href=\"http:\/\/www.febnet.org.br\/\" target=\"_blank\">FEB<\/a>\u00a0&#8211; Federa\u00e7\u00e3o Esp\u00edrita Brasileira<\/p>\n<p><a href=\"http:\/\/www.geae.org\/\" target=\"_blank\">GEAE<\/a>\u00a0&#8211; Pesquisas e Informa\u00e7\u00f5es<\/p>\n<p><a href=\"http:\/\/www.nossolar.net\/\" target=\"_blank\">Nosso Lar<\/a>\u00a0&#8211; Pesquisas e Informa\u00e7\u00f5es<\/p>\n<p><a href=\"http:\/\/www.momento.com.br\/\" target=\"_blank\">Momento Esp\u00edrita<\/a>\u00a0&#8211; Pesquisas e Informa\u00e7\u00f5es<\/p>\n<p><a href=\"http:\/\/www.orsoncarrara.hpg.com.br\/\" target=\"_blank\">Orson Carrara<\/a>\u00a0&#8211; P\u00e1gina do conhecido Articulista Esp\u00edrita<\/p>\n<p><a href=\"http:\/\/www.usecircuitodasaguas.com.br\/\" target=\"_blank\">USE Circuito das \u00c1guas<\/a>\u00a0&#8211; USE do Circuito das \u00c1guas de SP<\/p>\n<p><a href=\"http:\/\/www.geocities.com\/verdadeeluz\" target=\"_blank\">Verdade e Luz<\/a>\u00a0&#8211; (USE de Ribeir\u00e3o Preto) Diversas Mensagens<\/p>\n<p><a href=\"http:\/\/www.espirito.org.br\/\" target=\"_blank\">Esp\u00edrito<\/a>\u00a0&#8211; Pesquisas e informa\u00e7\u00f5es<\/p>\n<p><a href=\"http:\/\/www.gepenet.hpg.ig.com.br\/\" target=\"_blank\">GEPE &#8211; Grupo de Estudo e Pesquisa Esp\u00edrita<\/a>\u00a0&#8211; Pesquisas e Informa\u00e7\u00f5es (Ernesto Bozzano)<\/p>\n<p>A<\/p>\n<p><a href=\"http:\/\/www.abrade.com.br\/\">ABRADE &#8211; Associa\u00e7\u00e3o Brasileira de Divulgadores do Espiritismo<\/a><br \/>\n<a href=\"http:\/\/www.ade-rj.org.br\/\">ADE &#8211; RJ &#8211; Associa\u00e7\u00e3o de Divulgadores do Espiritismo do estado do Rio de Janeiro<\/a><br \/>\n<a href=\"http:\/\/www.alianca.org.br\/\">Alian\u00e7a Esp\u00edrita Evang\u00e9lica<\/a><br \/>\n<a href=\"http:\/\/www.allan-kardec.org\/\">Allan Kardec Educational Society (EUA)<\/a><br \/>\n<a href=\"http:\/\/www.utexas.edu\/students\/kardec\/\">Allan Kardec University Study Group (Austin Texas USA)<\/a><br \/>\n<a href=\"http:\/\/www.lsi.usp.br\/~jessian\/spirit\/tsb.front.html\">Allan Kardec&#8217;s &#8220;The Spirits&#8217; Book&#8221; Homepage in Brazil<\/a><br \/>\n<a href=\"http:\/\/netpage.estaminas.com.br\/amemg\/\">AME-MG &#8211; Associa\u00e7\u00e3o M\u00e9dico Esp\u00edrita de Minas Gerais<\/a><br \/>\n<a href=\"http:\/\/www.artespirita.vilabol.uol.com.br\/\">Arte Esp\u00edrita<\/a><br \/>\n<a href=\"http:\/\/acasadocaminho.vilabol.uol.com.br\/\">Associa\u00e7\u00e3o Esp\u00edrita Casa do Caminho<\/a><br \/>\n<a href=\"http:\/\/www.amebrasil.org.br\/\">Associa\u00e7\u00e3o Medico Esp\u00edrita do Brasil<\/a><br \/>\n<a href=\"http:\/\/www.autoresespiritasclassicos.com\/\">Autores Esp\u00edritas Cl\u00e1ssicos &#8211; Livros Gratuitos<\/a><\/p>\n<p>&nbsp;<\/p>\n<h2>B<\/h2>\n<h2>C<\/h2>\n<p><a href=\"http:\/\/www.irc-espiritismo.org.br\/\">Canal IRC #Espiritismo<\/a><br \/>\n<a href=\"http:\/\/www.candeianet.com.br\/\">Candeia Net<\/a><br \/>\n<a href=\"http:\/\/members.tripod.com\/~Mirabelli\/\">Carmine Mirabelli<\/a><br \/>\n<a href=\"http:\/\/www.fortunecity.com\/millenium\/celesteville\/40\/index.htm\">Casa de Pedro<\/a><br \/>\n<a href=\"http:\/\/www.oclarim.com.br\/\">Casa Editora &#8220;O CLARIM&#8221;<\/a><br \/>\n<a href=\"http:\/\/www.artnet.com.br\/~espirita\/\">Casa Esp\u00edrita<\/a>\u00a0<a href=\"http:\/\/www.cebem.xpg.com.br\/\">Casa Esp\u00edrita Bezerra de Menezes &#8211; Araruama-RJ<\/a><br \/>\n<a href=\"http:\/\/www.irmasheilla.org.br\/\">Casa Do Caminho Irm\u00e3 Sheilla<\/a><br \/>\n<a href=\"http:\/\/casadeamparo.spaces.live.com\/\">Casa de Amparo &#8220;Maria de Nazar\u00e9&#8221;<\/a><br \/>\n<a href=\"http:\/\/perso.wanadoo.fr\/charles.kempf\/\">Centre d&#8217;Etudes Spirites L\u00e9on Denis, da cidade de Thann &#8211; Fran\u00e7a<\/a>\u00a0<a href=\"http:\/\/www.ceasa.org.br\/index.htm\">Centro Esp\u00edrita Abel Sebasti\u00e3o de Almeida<\/a><br \/>\n<a href=\"http:\/\/www.ceac.org.br\/\">Centro Esp\u00edrita Amor e Caridade<\/a><br \/>\n<a href=\"http:\/\/www.ceak.org.br\/\">Centro Esp\u00edrita Allan Kardec &#8211; Campinas &#8211; SP<\/a><br \/>\n<a href=\"http:\/\/www.cecpj.com.br\/\">Centro Esp\u00edrita Caminhando para Jesus<\/a><br \/>\n<a href=\"http:\/\/www.caminhosluz.com.br\/\">Centro Esp\u00edrita Caminhos de Luz<\/a><br \/>\n<a href=\"http:\/\/www.caminhodomestre.hpg.ig.com.br\/\">Centro Esp\u00edrita Caminho do Mestre<\/a><br \/>\n<a href=\"http:\/\/members.tripod.com\/~alexandremotta\/\">Centro Esp\u00edrita Comandante Alexandre Motta<\/a><br \/>\n<a href=\"http:\/\/www.cefamiami.com\/\">Centro Esp\u00edrita Fraternidade e Amor<\/a><br \/>\n<a href=\"http:\/\/www.cehj.web.pt\/\">Centro Esp\u00edrita Humildes com Jesus<\/a><br \/>\n<a href=\"http:\/\/www.celd.org.br\/\">Centro Esp\u00edrita L\u00e9on Denis<\/a><br \/>\n<a href=\"http:\/\/www.cele.org.br\/\">Centro Esp\u00edrita Luz Eterna &#8211; CELE (Brasil)<\/a><br \/>\n<a href=\"http:\/\/www.andreluiz.org.br\/\">Centro Esp\u00edrita Nosso Lar Casas Andr\u00e9 Luiz<\/a><br \/>\n<a href=\"http:\/\/www.luzdaesperanca.cjb.net\/\">Centro Esp\u00edrita Luz da Esperan\u00e7a<\/a><br \/>\n<a href=\"http:\/\/www.uema.com.br\/\">Clube do Livro Esp\u00edrita Emmanuel<\/a><br \/>\n<a href=\"http:\/\/www.interside.com.br\/cle\/\">Clube do Livro Esp\u00edrita Vida Feliz<\/a><br \/>\n<a href=\"http:\/\/www.consciesp.org.br\/\">Consci\u00eancia Esp\u00edrita<\/a><br \/>\n<a href=\"http:\/\/www.spiritist.org\/\">Conselho Esp\u00edrita Internacional<\/a><br \/>\n<a href=\"http:\/\/www.consolador.com.br\/\">Consolador<\/a><br \/>\n<a href=\"http:\/\/www.cvdee.org.br\/\">CVDEE &#8211; Centro Virtual de Divulga\u00e7\u00e3o e Estudo do Espiritismo<\/a><\/p>\n<h2>D<\/h2>\n<h2>E<\/h2>\n<p><a href=\"http:\/\/www.fontviva.com.br\/\">Editora Fonte Viva<\/a><br \/>\n<a href=\"http:\/\/www.aleph.com.br\/useic\/\">Encontro Estadual sobre Educa\u00e7\u00e3o<\/a><br \/>\n<a href=\"http:\/\/www.espiritismogi.com.br\/\">Espiritismogi<\/a><br \/>\n<a href=\"http:\/\/www.parchen.hpg.com.br\/\">Espiritismo e M\u00fasica<\/a><br \/>\n<a href=\"http:\/\/www.connect.com.br\/espiritismo\/\">Espiritismo Online<\/a><br \/>\n<a href=\"http:\/\/www.meumundo.americaonline.com.br\/eespirita\">Estudante Esp\u00edrita<\/a><\/p>\n<h2>F<\/h2>\n<p><a href=\"http:\/\/www.falec.br\/\">Faculdade Dr. Leoc\u00e1dio Jos\u00e9 Correia (Teologia Esp\u00edrita)<\/a><br \/>\n<a href=\"http:\/\/www.unibem.br\/\">Faculdades Integradas &#8220;Esp\u00edrita&#8221;<\/a><br \/>\n<a href=\"http:\/\/www.fecef.com.br\/\">Festival da Can\u00e7\u00e3o e Arte Esp\u00edrita de Franca &#8211; Fecef<\/a><br \/>\n<a href=\"http:\/\/www.fdj.org.br\/\">Fraternidade dos Disc\u00edpulos de Jesus<\/a><br \/>\n<a href=\"http:\/\/www.feig.org.br\/\">Fraternidade Esp\u00edrita Irm\u00e3o Glacus &#8211; BH<\/a><br \/>\n<a href=\"http:\/\/www.fraternidadeassis.com.br\/\">Fraternidade Francisco de Assis<\/a><\/p>\n<h2>G<\/h2>\n<p><a href=\"http:\/\/www.garanhunsespirita.hpg.com.br\/\">Garanhuns Esp\u00edrita<\/a><br \/>\n<a href=\"http:\/\/www.geae.inf.br\/\">GEAE &#8211; Grupo de Estudos Avan\u00e7ados de Espiritismo<\/a><br \/>\n<a href=\"http:\/\/www.secrel.com.br\/usuarios\/ame\/\">Grupo AME &#8211; Arte e M\u00fasica Esp\u00edrita<\/a><br \/>\n<a href=\"http:\/\/clotildes.w3.to\/\">Grupo de Fraternidade Esp\u00edrita &#8220;Irm\u00e3 Clotildes&#8221;<\/a><br \/>\n<a href=\"http:\/\/jovensespiritas.vilabol.uol.com.br\/\">Grupo de Jovens Esp\u00edritas Caminho do Sol<\/a><br \/>\n<a href=\"http:\/\/www.geaf.com.br\/\">Grupo Esp\u00edrita An\u00e1lia Franco<\/a><br \/>\n<a href=\"http:\/\/www.espiritismo.org\/\">Grupo Esp\u00edrita Ap\u00f3stolo Paulo em S\u00e3o Jos\u00e9 do Rio Preto<\/a><br \/>\n<a href=\"http:\/\/www.novavoz.org.br\/\">Grupo Esp\u00edrita Bezerra de Menezes &#8211; S\u00e3o Jos\u00e9 do Rio Preto &#8211; SP<\/a><br \/>\n<a href=\"http:\/\/www.espiritismodralonso.org.br\/\">Grupo Esp\u00edrita de Assist\u00eancia Espiritual Caridade Paz e Amor<\/a><br \/>\n<a href=\"http:\/\/www.samaritanos.com.br\/\">Grupo Esp\u00edrita de Atendimento Os Samaritanos de Jesus<\/a><br \/>\n<a href=\"http:\/\/www.cristofilos.org.br\/gepec\">Grupo Esp\u00edrita de Pesquisas Eletr\u00f4nicas Crist\u00f3filos<\/a><br \/>\n<a href=\"http:\/\/sodecristo.org.br\/gelcak\/\">Grupo Esp\u00edrita Luz e Caridade Allan Kardec<\/a><br \/>\n<a href=\"http:\/\/www.gepe.org.br\/\">Grupo Esp\u00edrita Paulo e Estev\u00e3o<\/a><br \/>\n<a href=\"http:\/\/www.redencao.org.br\/\">Grupo Esp\u00edrita Reden\u00e7\u00e3o<\/a><\/p>\n<h2>H<\/h2>\n<p><a href=\"http:\/\/www.use-sp.com.br\/\">Home Page da USE<\/a><br \/>\n<a href=\"http:\/\/www.hefc.org.br\/\">Hospital Esp\u00edrita Fabiano de Cristo<\/a><\/p>\n<h2>I<\/h2>\n<p><a href=\"http:\/\/www.frontier.com.br\/icesp\/\">ICESP &#8211; Instituto de Cultura Esp\u00edrita de S\u00e3o Paulo<\/a><br \/>\n<a href=\"http:\/\/www.ide.org.br\/\">IDE &#8211; Instituto de Difus\u00e3o Esp\u00edrita<\/a><br \/>\n<a href=\"http:\/\/www.ieja.org\/\">Institui\u00e7\u00e3o Esp\u00edrita Joanna de \u00c2ngelis<\/a><br \/>\n<a href=\"http:\/\/www.ie-diasdacruz.org.br\/\">Instituto Esp\u00edrita Dias da Cruz<\/a><br \/>\n<a href=\"http:\/\/iemb.org.br\/\">Instituto Esp\u00edrita Manoel Batista<\/a><br \/>\n<a href=\"http:\/\/www.ipepe.com.br\/\">Instituto de Interc\u00e2mbio do Pensamento Esp\u00edrita de Pernambuco &#8211; IPEPE<\/a><\/p>\n<h2>J<\/h2>\n<p><a href=\"http:\/\/sites.uol.com.br\/regismesquita\/jesus.htm\">Jesus Cristo, perguntas e respostas<\/a><br \/>\n<a href=\"http:\/\/www.novavoz.org.br\/\">Jornal A Voz do Esp\u00edrito &#8211; Grupo Esp\u00edrita Bezerra de Menezes<\/a><br \/>\n<a href=\"http:\/\/www.mundoespirita.com.br\/\">Jornal Mundo Esp\u00edrita<\/a><br \/>\n<a href=\"http:\/\/www.jhbaldin.com\/\">Jos\u00e9 Henrique Baldin &#8211; P\u00e1gina Esp\u00edrita Principal<\/a><\/p>\n<h2>K<\/h2>\n<p><a href=\"http:\/\/www.aleph.com.br\/kce\/\">Kultura Centro de Esperanto (KCE)<\/a><\/p>\n<h2>L<\/h2>\n<p><a href=\"http:\/\/lardefreiluiz.org.br\/\">Lar de Frei Luiz<\/a><br \/>\n<a href=\"http:\/\/www.larchicoxavier.com.br\/\">Lar Esp\u00edrita Chico Xavier<\/a><br \/>\n<a href=\"http:\/\/www.geaf.com.br\/\">Livraria Andr\u00e9 Luiz<\/a><br \/>\n<a href=\"http:\/\/www.seulivro.com.br\/\">Livraria Virtual Seu Livro<\/a><br \/>\n<a href=\"http:\/\/www.livroluz.com\/\">LivroLuz\u00ae Editora e Distribuidora Ltda<\/a><br \/>\n<a href=\"http:\/\/www.luizsergio.vilabol.uol.com.br\/\">Luiz Sergio (esp\u00edrito) &#8211; Obras liter\u00e1rias<\/a><\/p>\n<h2>M<\/h2>\n<p><a href=\"http:\/\/www.giocar.hpg.com.br\/\">Mensagem Esp\u00edrita<\/a><br \/>\n<a href=\"http:\/\/www.mensagensempoesias.hpg.ig.com.br\/\">Mensagens em Poesias<\/a><br \/>\n<a href=\"http:\/\/sites.uol.com.br\/jcfragomeni\/\">Mensagens Esp\u00edritas &#8211; Jos\u00e9 Carlos Fragomeni<\/a><br \/>\n<a href=\"http:\/\/www2.mpc.com.br\/users\/a\/ademir.costa\/\">Mensagens Espirituais<\/a><br \/>\n<a href=\"http:\/\/www.highway.com.br\/users\/nilson\/ceav.htm\">Mocidade Esp\u00edrita Maria de Nazar\u00e9<\/a><br \/>\n<a href=\"http:\/\/www.momento.com.br\/\">Momento Esp\u00edrita &#8211; Federa\u00e7\u00e3o Esp\u00edrita do Paran\u00e1<\/a><br \/>\n<a href=\"http:\/\/www.frontier.com.br\/icesp\/\">Museu Esp\u00edrita de S\u00e3o Paulo &#8211; ICESP<\/a><\/p>\n<h2>N<\/h2>\n<p><a href=\"http:\/\/www.angelfire.com\/ak\/kardec\/\">Non Solo Materia&#8230;.<\/a><br \/>\n<a href=\"http:\/\/www.novavisao.org.br\/\">Nova Vis\u00e3o &#8211; Distribuidora de Livros Esp\u00edritas<\/a><br \/>\n<a href=\"http:\/\/www.getlema.kit.net\/\">N\u00facleo Esp\u00edrita Leopoldo Machado<\/a><br \/>\n<a href=\"http:\/\/www.inbrapenet.com.br\/neu\/\">N\u00facleo Esp\u00edrita Universit\u00e1rio<\/a><br \/>\n<a href=\"http:\/\/zap.to\/neurj\">N\u00facleo Esp\u00edrita Universit\u00e1rio do Rio de Janeiro<\/a><\/p>\n<h2>O<\/h2>\n<p><a href=\"http:\/\/www.orsoncarrara.hpg.ig.com.br\/\">Orson Peter Carrara<\/a><br \/>\n<a href=\"http:\/\/www.osorfaos.com.br\/\">Os \u00d3rf\u00e3os (filme)<\/a><\/p>\n<p>&nbsp;<\/p>\n<h2>P<\/h2>\n<p><a href=\"http:\/\/www.petit.com.br\/\">Petit Editora<\/a><br \/>\n<a href=\"http:\/\/www.pinturamediunica.com\/\">Pintura Medi\u00fanica<\/a><br \/>\n<a href=\"http:\/\/www.portaldaluz.com.br\/\">Portal da Luz &#8211; Editora<\/a><br \/>\n<a href=\"http:\/\/www.portaluz.com.br\/\">Portal de Luz<\/a><br \/>\n<a href=\"http:\/\/www.vek.org.br\/\">Projeto Vek<\/a><br \/>\n<a href=\"http:\/\/www.lachatre.com.br\/\">Publica\u00e7\u00f5es Lach\u00e2tre Editora<\/a><br \/>\n<a href=\"http:\/\/www.evangelho.espiritismo.nom.br\/\">Portal do Espiritismo<\/a><\/p>\n<p>&nbsp;<\/p>\n<h2>Q<\/h2>\n<h2>R<\/h2>\n<p><a href=\"http:\/\/www.radioboanova.com.br\/\">R\u00e1dio Boa Nova<\/a><br \/>\n<a href=\"http:\/\/www.redevisao.net\/\">Rede Vis\u00e3o &#8211; Televis\u00e3o, R\u00e1dio e Revista Esp\u00edrita<\/a><br \/>\n<a href=\"http:\/\/vivificar.vilabol.uol.com.br\/\">Renovar -&gt; Vividicar (trechos de livros de Andr\u00e9 Luiz)<\/a><br \/>\n<a href=\"http:\/\/www.bauhaus.com.br\/reak\/\">Revista Esp\u00edrita Allan Kardec<\/a><br \/>\n<a href=\"http:\/\/www.rjeonline.com\/\">Revista O Jovem Espirita Online<\/a><br \/>\n<a href=\"http:\/\/www.richardsimonetti.com.br\/\">Richard Simonetti<\/a><\/p>\n<h2>S<\/h2>\n<p><a href=\"http:\/\/www.vrnet.com.br\/sefa\/\">SEFA &#8211; Sociedade Esp\u00edrita Francisco de Assis<\/a><br \/>\n<a href=\"http:\/\/www.segrav.hpg.ig.com.br\/\">Segrav &#8211; Sociedade Esp\u00edrita Granja Viana<\/a><br \/>\n<a href=\"http:\/\/www.bauhaus.com.br\/secd\/\">Site Esp\u00edrita Centelha Divina<\/a><br \/>\n<a href=\"http:\/\/www.sbee.org\/\">Sociedade Brasileira de Estudos Esp\u00edritas<\/a><br \/>\n<a href=\"http:\/\/www.sbtvp.com.br\/\">Sociedade Brasileira de Terapia de Vida Passada<\/a><br \/>\n<a href=\"http:\/\/www.stetnet.com.br\/casa\/\">Sociedade Esp\u00edrita Casa do Caminho<\/a><br \/>\n<a href=\"http:\/\/www.casadaprece.com\/\">Sociedade Esp\u00edrita Casa da Prece<\/a><br \/>\n<a href=\"http:\/\/www.vrnet.com.br\/sefa\">Sociedade Esp\u00edrita Francisco de Assis \/ Eun\u00e1polis-BA<\/a><br \/>\n<a href=\"http:\/\/www.thiesen-sc.cjb.net\/\">Sociedade Esp\u00edrita Francisco Thiesen<\/a><br \/>\n<a href=\"http:\/\/www.sosdepressao.com.br\/\">SOS Depress\u00e3o<\/a><br \/>\n<a href=\"http:\/\/www.abelsidney.pro.br\/prevenir\/suicidio.html\">Preven\u00e7\u00e3o ao Suic\u00eddio &#8211; Abel Sidney<\/a><\/p>\n<h2>T<\/h2>\n<p><a href=\"http:\/\/www.telma.org.br\/\">Teatro Esp\u00edrita Leopoldo Machado<\/a><br \/>\n<a href=\"http:\/\/www.geocities.com\/tercmil\/\">Terceiro Mil\u00eanio<\/a><br \/>\n<a href=\"http:\/\/www.terraespiritual.org\/\">Terra Espiritual<\/a><\/p>\n<h2>U<\/h2>\n<p><a href=\"http:\/\/www.universoespirita.org.br\/\">Universo Esp\u00edrita<\/a><br \/>\n<a href=\"http:\/\/www.guiata.com.br\/use\/\">USE Regional de Ara\u00e7atuba<\/a><br \/>\n<a href=\"http:\/\/www.usepiracicaba.com.br\/\">USE Piracicaba<\/a><\/p>\n<p><a href=\"http:\/\/www.use-sp.com.br\/\">USE-Uni\u00e3o das Sociedades Esp\u00edritas do Estado de S\u00e3o Paulo<\/a><\/p>\n<h2>V<\/h2>\n<p><a href=\"http:\/\/www.vademecumespirita.com.br\/\">Vade Mecum Esp\u00edrita<\/a><\/p>\n<h2>W<\/h2>\n","protected":false},"excerpt":{"rendered":"<p>:: Recomend\u00e1vel de A-Z:: :: Links Instituto de Cultura Esp\u00edrita do Brasil\u00a0\u2013\u00a0ICEB twitter.com\/portaliceb\u00a0&#8211; Twitter do ICEB Abrigo Teresa de Jesus\u00a0&#8211; (Parceria com ICEB) Associa\u00e7\u00e3o Brasileira de Divulgadores do Espiritismo\u00a0\u2013\u00a0ABRADE Cruzada dos Militares Esp\u00edritas\u00a0\u2013\u00a0CME Associa\u00e7\u00e3o Brasileira dos Magistrados Esp\u00edritas\u00a0\u2013\u00a0ABRAME Associa\u00e7\u00e3o Brasileira de Artistas Esp\u00edritas\u00a0\u2013\u00a0ABRARTE Associa\u00e7\u00e3o M\u00e9dico-Esp\u00edrita do Brasil\u00a0&#8211; AME Federa\u00e7\u00e3o Esp\u00edrita Brasileira\u00a0&#8211; FEB Indicados: O Clarim\u00a0&#8211; [&hellip;]<\/p>\n","protected":false},"author":1,"featured_media":0,"parent":6,"menu_order":0,"comment_status":"closed","ping_status":"closed","template":"","meta":{"footnotes":""},"class_list":["post-459","page","type-page","status-publish","hentry"],"_links":{"self":[{"href":"http:\/\/www.portaliceb.org.br\/wordpress\/index.php?rest_route=\/wp\/v2\/pages\/459","targetHints":{"allow":["GET"]}}],"collection":[{"href":"http:\/\/www.portaliceb.org.br\/wordpress\/index.php?rest_route=\/wp\/v2\/pages"}],"about":[{"href":"http:\/\/www.portaliceb.org.br\/wordpress\/index.php?rest_route=\/wp\/v2\/types\/page"}],"author":[{"embeddable":true,"href":"http:\/\/www.portaliceb.org.br\/wordpress\/index.php?rest_route=\/wp\/v2\/users\/1"}],"replies":[{"embeddable":true,"href":"http:\/\/www.portaliceb.org.br\/wordpress\/index.php?rest_route=%2Fwp%2Fv2%2Fcomments&post=459"}],"version-history":[{"count":4,"href":"http:\/\/www.portaliceb.org.br\/wordpress\/index.php?rest_route=\/wp\/v2\/pages\/459\/revisions"}],"predecessor-version":[{"id":461,"href":"http:\/\/www.portaliceb.org.br\/wordpress\/index.php?rest_route=\/wp\/v2\/pages\/459\/revisions\/461"}],"up":[{"embeddable":true,"href":"http:\/\/www.portaliceb.org.br\/wordpress\/index.php?rest_route=\/wp\/v2\/pages\/6"}],"wp:attachment":[{"href":"http:\/\/www.portaliceb.org.br\/wordpress\/index.php?rest_route=%2Fwp%2Fv2%2Fmedia&parent=459"}],"curies":[{"name":"wp","href":"https:\/\/api.w.org\/{rel}","templated":true}]}}