{"id":11,"date":"2011-12-04T03:21:51","date_gmt":"2011-12-04T03:21:51","guid":{"rendered":"http:\/\/www.portaliceb.org.br\/wordpress\/?page_id=11"},"modified":"2012-04-09T18:59:54","modified_gmt":"2012-04-09T18:59:54","slug":"missao","status":"publish","type":"page","link":"http:\/\/www.portaliceb.org.br\/wordpress\/?page_id=11","title":{"rendered":"Miss\u00e3o"},"content":{"rendered":"<h2 align=\"center\"><strong>Miss\u00e3o<\/strong><\/h2>\n<p>\u201cConstituir-se, por meio do estudo integrado e da pesquisa institucionalizada, como refer\u00eancia nacional e internacional para a cultura esp\u00edrita\u201d.<\/p>\n<h2 align=\"center\"><strong>Vis\u00e3o<\/strong><\/h2>\n<p>\u201cA partir de estudos integrados e pesquisas inovadoras, oferecer aos freq\u00fcentadores em particular e ao movimento esp\u00edrita em geral, material sugestivo, contribui\u00e7\u00e3o efetiva para melhorar o entendimento a respeito da Doutrina Esp\u00edrita e sua aplicabilidade a todas as vertentes da cultura humana\u201d.<\/p>\n<p>&nbsp;<\/p>\n<h2 align=\"center\"><strong>Valores e Princ\u00edpios<\/strong><\/h2>\n<p>Os\u00a0<strong>valores e princ\u00edpios<\/strong>\u00a0basilares do ICEB sediam-se no indiv\u00edduo e na sua miss\u00e3o prec\u00edpua de evoluir. Acredita o ICEB que \u00e9 preciso ajudar o homem moderno a ter um ideal, a realizar seus sonhos, a alcan\u00e7ar a felicidade. \u00c9 necess\u00e1rio faz\u00ea-lo acreditar que as respostas est\u00e3o dentro de cada um individualmente e que na busca de realiza\u00e7\u00f5es n\u00e3o h\u00e1 erros, mas oportunidades de aprendizagem, e para que tudo isso seja efetivo \u00e9 imprescind\u00edvel a consci\u00eancia do todo interconectado.<\/p>\n<p align=\"center\">\n","protected":false},"excerpt":{"rendered":"<p>Miss\u00e3o \u201cConstituir-se, por meio do estudo integrado e da pesquisa institucionalizada, como refer\u00eancia nacional e internacional para a cultura esp\u00edrita\u201d. Vis\u00e3o \u201cA partir de estudos integrados e pesquisas inovadoras, oferecer aos freq\u00fcentadores em particular e ao movimento esp\u00edrita em geral, material sugestivo, contribui\u00e7\u00e3o efetiva para melhorar o entendimento a respeito da Doutrina Esp\u00edrita e sua [&hellip;]<\/p>\n","protected":false},"author":1,"featured_media":0,"parent":2,"menu_order":1,"comment_status":"closed","ping_status":"closed","template":"","meta":{"footnotes":""},"class_list":["post-11","page","type-page","status-publish","hentry"],"_links":{"self":[{"href":"http:\/\/www.portaliceb.org.br\/wordpress\/index.php?rest_route=\/wp\/v2\/pages\/11","targetHints":{"allow":["GET"]}}],"collection":[{"href":"http:\/\/www.portaliceb.org.br\/wordpress\/index.php?rest_route=\/wp\/v2\/pages"}],"about":[{"href":"http:\/\/www.portaliceb.org.br\/wordpress\/index.php?rest_route=\/wp\/v2\/types\/page"}],"author":[{"embeddable":true,"href":"http:\/\/www.portaliceb.org.br\/wordpress\/index.php?rest_route=\/wp\/v2\/users\/1"}],"replies":[{"embeddable":true,"href":"http:\/\/www.portaliceb.org.br\/wordpress\/index.php?rest_route=%2Fwp%2Fv2%2Fcomments&post=11"}],"version-history":[{"count":6,"href":"http:\/\/www.portaliceb.org.br\/wordpress\/index.php?rest_route=\/wp\/v2\/pages\/11\/revisions"}],"predecessor-version":[{"id":169,"href":"http:\/\/www.portaliceb.org.br\/wordpress\/index.php?rest_route=\/wp\/v2\/pages\/11\/revisions\/169"}],"up":[{"embeddable":true,"href":"http:\/\/www.portaliceb.org.br\/wordpress\/index.php?rest_route=\/wp\/v2\/pages\/2"}],"wp:attachment":[{"href":"http:\/\/www.portaliceb.org.br\/wordpress\/index.php?rest_route=%2Fwp%2Fv2%2Fmedia&parent=11"}],"curies":[{"name":"wp","href":"https:\/\/api.w.org\/{rel}","templated":true}]}}